{"id":16,"date":"2016-02-07T20:34:42","date_gmt":"2016-02-07T20:34:42","guid":{"rendered":"http:\/\/achtsam-sorgsam.ch\/?page_id=16"},"modified":"2022-08-03T22:09:46","modified_gmt":"2022-08-03T20:09:46","slug":"kursleitung","status":"publish","type":"page","link":"https:\/\/medea-center.ch\/?page_id=16","title":{"rendered":"\u00dcber mich"},"content":{"rendered":"<div class=\"wpb-content-wrapper\">[vc_row][vc_column][vc_single_image image=&#8220;562&#8243; img_size=&#8220;752&#215;210&#8243; alignment=&#8220;center&#8220; css=&#8220;.vc_custom_1456583692826{margin-top: -30px !important;margin-right: -30px !important;margin-left: -30px !important;}&#8220;][\/vc_column][\/vc_row][vc_row][vc_column]<div class=\"vcex-heading vcex-heading-plain vcex-module wpex-heading wpex-text-2xl\"><span class=\"vcex-heading-inner wpex-inline-block\">Monica E. Brueni<\/span><\/div>[\/vc_column][\/vc_row][vc_row][vc_column width=&#8220;1\/4&#8243;][vc_single_image image=&#8220;149&#8243; onclick=&#8220;img_link_large&#8220; css=&#8220;.vc_custom_1455034328472{margin-top: 10px !important;}&#8220;][\/vc_column][vc_column width=&#8220;3\/4&#8243;][vc_column_text]\n<p style=\"text-align: justify\">Seit 1987 arbeite ich in eigener Praxis, dem Medea Center Basel, und begleite Menschen jeden Alters in unterschiedlichsten Lebenssituationen.<\/p>\n<p style=\"text-align: justify\">Basierend auf dem Grundsatz \u201eto care not to cure\u201c, im Sinne von &#8222;nachhaltiges Heilen durch freundliche und liebevolle Hinwendung zum gegenw\u00e4rtigen Zustand\u201c, setze ich unterst\u00fctzende Therapieformen und Methoden ein.<\/p>\n[\/vc_column_text][\/vc_column][\/vc_row][vc_row][vc_column][vc_column_text css=&#8220;.vc_custom_1659557342372{margin-top: -10px !important;}&#8220;]\n<h2>Aus- &amp; Weiterbildung<\/h2>\n<p><strong><u>Beratung und Begleitung:<\/u><\/strong><\/p>\n<ul>\n<li>Kantonal approbierte klassische Homoeopathin; certified SHS.<br \/>\nWB bei Ananda Zaren, Mohinder S. Jus, George Vithoulkas, Jan Scholten, Philip Bailey, Massimo Mangialavori, Rosina Sonnenschmidt, Friedrich Graf,\u00a0 Reesie Moonen<\/li>\n<li>Coach f\u00fcr F.M. AlexanderTechnik; dipl. SBAT, STAT, (SVLAT) bei Yehuda Kupermann, Shaike Hermelin, Shmuel Nelken, Uri Eshek<\/li>\n<li>Cranio Sacrale Therapie bei Rudolf Merkel, M.D.; Dr. Richard Royster<\/li>\n<li>Masterpractitioner &amp; Coach NLP; certified SNLP, WB bei Carol Erickson, Tom Condon, John Reed, Berndt Isert<\/li>\n<li>Hygienisch-therapeutische Biographiearbeit Jahreskurs und WB bei Gudrun Burkhardt, M.D. Irmgard Rossmann, M.D., in Arlesheim, ZH und Berlin, weitere Kurse bei Georg K\u00fchlewind<\/li>\n<li>Coach f\u00fcr Kinesiologie; certified &#8222;Three in One Concepts&#8220; bei Gordon Stokes, Daniel Whiteside.<\/li>\n<li>Practitioner and Coach of Advanced Energy Psychologie EDxTM &amp; EFT, certified bei Dr. Fred P. Gallo, PhD, USA<\/li>\n<li>&#8222;ACT &#8211; Akzeptanz- &amp; Commitment Therapie&#8220; in Weiterbildung mit Dr. Russ Harris, USA<\/li>\n<li>Therapeutin &#8222;CFT &#8211; Compassion Focused Therapy&#8220; \u00a0mit Prof. Paul Gilbert, Derby UK und AWP, Freiburg DE<\/li>\n<\/ul>\n<p><strong><u>Lehrerin und Coach f\u00fcr Achtsamkeit- und Selbst-Mitgef\u00fchl:<\/u><\/strong><\/p>\n<ul>\n<li>MBSR-Lehrerin &#8222;Mindfulness-Based Stress Reduction&#8220;\u00a0nach Prof. Jon Kabat Zinn; \u00a0certified Cfm Schweiz<\/li>\n<li>MBCT-Lehrerin &#8222;Mindfulness-Based Cognitive Therapy for Depression&#8220;\u00a0nach Profs. M.Williams, Z.Segal und J.Teasdale; \u00a0Bangor University UK, certified IMA Deutschland<\/li>\n<li>&#8222;Taking in the Good&#8220; Professional Training &amp; &#8222;Positive Neuroplasticity&#8220;; certified by Rick Hanson, Ph.D., USA<\/li>\n<li>MBCL-Lehrerin &#8222;Mindfulness-Based Compassioned Living&#8220; mit Frits Koster und Dr. med. Eric van den Brink\/NL; certified IAS Deutschland<\/li>\n<li>MSC trained teacher \u00a0&#8222;Mindful Self-Compassion&#8220;; mit Christopher Germer, PhD, Kristin Neff, PhD, Steven Hickman, Psy.D,\u00a0Judith Soulsby, Center for Mindful Self-Compassion USA \/ Bangor University, UK<\/li>\n<li>MBPM \u2013 Breathworks trained teacher &#8222;Mindfulness-Based Pain Management&#8220; \u00a0mit Vidyamala Burch, Sona Fricker, Colette Power, u.a. \u00a0Achtsamkeitsinstitut Ruhr, DE \/\u00a0BreathWorks, UK<\/li>\n<li>&#8222;MBSR in Mind-Body Medicine&#8220; 7-Day Residential Training\/Retreat mit Jon Kabat-Zinn und Saki Santorelli<\/li>\n<li>\u201eMindful Compassion\u201c mit Prof. Paul Gilbert und Dr. Nicola Petrocchi, Derby UK<\/li>\n<li>Compassionate Focused Therapy (CFT)\u00a0Therapeutin. \u00a0Compassionate Mind Foundation, Derby UK, Prof. Paul Gilbert und\u00a0AWP Freiburg DE<\/li>\n<li>Langj\u00e4hrige Meditationspraxis (Vipassana &amp; Metta) und Achtsamkeits-Retreats\/Kurse u.a. bei Tara Brach, Stephen Fulder, Joseph Goldstein, Charles Genoud, Patricia Genoud-Feldmann, Paul Gilbert, Jack Kornfield, John Peacocks, Fred von Allmen,\u00a0Carol Wilson.<\/li>\n<\/ul>\n<p style=\"padding-left: 40px;\"><span style=\"text-decoration: underline;\"><strong>Achtsamkeits- und Mitgef\u00fchls-Meditationslehrerin MMTCP<\/strong><br \/>\n<\/span>(Mindfulness Meditation Teacher Certification Program) zweij\u00e4hrige Ausbildung unter der Leitung von Jack Kornfield und Tara Brach, in Kooperation mit dem University of California Berkeley&#8217;s Greater Good Science Center.<\/p>\n<p><u>\u00a0<\/u><strong><u>Ausbildung und berufliche Erfahrung:<\/u><\/strong><\/p>\n<ul>\n<li>Dipl. Expertin Intensivpflege HF mit einer \u00fcber 12j\u00e4hrigen Berufserfahrung in der ICU, in der Pflege und Begleitung von Sterbenden zu Hause und\u00a0in der Pflegeleitung.<\/li>\n<li>Medical Laboratory Technologist in den USA (10 Jahre) und in der Schweiz<\/li>\n<\/ul>\n<blockquote>\n<p style=\"text-align: left;\">Ich glaube, daran, dass das gr\u00f6sste Geschenk, das ich von jemandem empfangen kann, ist, gesehen, geh\u00f6rt, verstanden und ber\u00fchrt zu werden.<br \/>\nDas gr\u00f6sste Geschenk, das ich geben kann, ist, den anderen zu sehen, zu h\u00f6ren, zu verstehen und zu ber\u00fchren. \u00a0Wenn dies geschieht, entsteht Beziehung.<\/p>\n<p style=\"text-align: right;\"><em>&#8211; Virginia Satir<\/em><\/p>\n<\/blockquote>\n[\/vc_column_text][\/vc_column][\/vc_row]\n<\/div>","protected":false},"excerpt":{"rendered":"<p>[vc_row][vc_column][vc_single_image image=&#8220;562&#8243; img_size=&#8220;752&#215;210&#8243; alignment=&#8220;center&#8220; css=&#8220;.vc_custom_1456583692826{margin-top: -30px !important;margin-right: -30px !important;margin-left: -30px !important;}&#8220;][\/vc_column][\/vc_row][vc_row][vc_column][\/vc_column][\/vc_row][vc_row][vc_column width=&#8220;1\/4&#8243;][vc_single_image image=&#8220;149&#8243; onclick=&#8220;img_link_large&#8220; css=&#8220;.vc_custom_1455034328472{margin-top: 10px !important;}&#8220;][\/vc_column][vc_column width=&#8220;3\/4&#8243;][vc_column_text] Seit 1987 arbeite ich in eigener Praxis, dem Medea Center Basel, und begleite Menschen jeden Alters in unterschiedlichsten Lebenssituationen. Basierend auf dem Grundsatz \u201eto care not to cure\u201c, im Sinne von &#8222;nachhaltiges Heilen durch freundliche und liebevolle&hellip;<\/p>\n","protected":false},"author":3,"featured_media":0,"parent":0,"menu_order":0,"comment_status":"closed","ping_status":"closed","template":"","meta":{"footnotes":""},"_links":{"self":[{"href":"https:\/\/medea-center.ch\/index.php?rest_route=\/wp\/v2\/pages\/16"}],"collection":[{"href":"https:\/\/medea-center.ch\/index.php?rest_route=\/wp\/v2\/pages"}],"about":[{"href":"https:\/\/medea-center.ch\/index.php?rest_route=\/wp\/v2\/types\/page"}],"author":[{"embeddable":true,"href":"https:\/\/medea-center.ch\/index.php?rest_route=\/wp\/v2\/users\/3"}],"replies":[{"embeddable":true,"href":"https:\/\/medea-center.ch\/index.php?rest_route=%2Fwp%2Fv2%2Fcomments&post=16"}],"version-history":[{"count":69,"href":"https:\/\/medea-center.ch\/index.php?rest_route=\/wp\/v2\/pages\/16\/revisions"}],"predecessor-version":[{"id":1111,"href":"https:\/\/medea-center.ch\/index.php?rest_route=\/wp\/v2\/pages\/16\/revisions\/1111"}],"wp:attachment":[{"href":"https:\/\/medea-center.ch\/index.php?rest_route=%2Fwp%2Fv2%2Fmedia&parent=16"}],"curies":[{"name":"wp","href":"https:\/\/api.w.org\/{rel}","templated":true}]}}